{"id":3098,"date":"2025-07-18T12:37:43","date_gmt":"2025-07-18T10:37:43","guid":{"rendered":"https:\/\/www.essenz.vision\/?page_id=3098"},"modified":"2025-07-18T12:37:43","modified_gmt":"2025-07-18T10:37:43","slug":"haftungsausschluss","status":"publish","type":"page","link":"https:\/\/www.essenz.vision\/index.php\/haftungsausschluss\/","title":{"rendered":"Haftungsausschluss"},"content":{"rendered":"<div class=\"fusion-fullwidth fullwidth-box fusion-builder-row-1 fusion-flex-container nonhundred-percent-fullwidth non-hundred-percent-height-scrolling\" style=\"--awb-border-radius-top-left:0px;--awb-border-radius-top-right:0px;--awb-border-radius-bottom-right:0px;--awb-border-radius-bottom-left:0px;--awb-flex-wrap:wrap;\" ><div class=\"fusion-builder-row fusion-row fusion-flex-align-items-flex-start fusion-flex-content-wrap\" style=\"max-width:1185.6px;margin-left: calc(-4% \/ 2 );margin-right: calc(-4% \/ 2 );\"><div class=\"fusion-layout-column fusion_builder_column fusion-builder-column-0 fusion_builder_column_1_1 1_1 fusion-flex-column\" style=\"--awb-bg-blend:overlay;--awb-bg-size:cover;--awb-width-large:100%;--awb-margin-top-large:0px;--awb-spacing-right-large:1.92%;--awb-margin-bottom-large:0px;--awb-spacing-left-large:1.92%;--awb-width-medium:100%;--awb-spacing-right-medium:1.92%;--awb-spacing-left-medium:1.92%;--awb-width-small:100%;--awb-spacing-right-small:1.92%;--awb-spacing-left-small:1.92%;\"><div class=\"fusion-column-wrapper fusion-flex-justify-content-flex-start fusion-content-layout-column\"><div class=\"fusion-text fusion-text-1\"><h2 class=\"fusion-responsive-typography-calculated\" style=\"--fontsize: 70; line-height: 1.4;\" data-fontsize=\"70\" data-lineheight=\"98px\">Haftungsausschluss<\/h2>\n<p>Die auf dieser Seite vorgestellten Inhalte, Rezepte und Produkte dienen ausschlie\u00dflich dem Wohlbefinden und der Unterst\u00fctzung der pers\u00f6nlichen Selbstf\u00fcrsorge. Sie ersetzen keine medizinische oder therapeutische Behandlung und sind nicht als Diagnose, Therapie oder Heilversprechen zu verstehen. Schwangere, stillende Frauen und Menschen mit bekannten Erkrankungen sollten vor der Verwendung einen Arzt oder Heilpraktiker konsultieren.<\/p>\n<\/div><\/div><\/div><\/div><\/div>\n","protected":false},"excerpt":{"rendered":"","protected":false},"author":1,"featured_media":0,"parent":0,"menu_order":0,"comment_status":"closed","ping_status":"closed","template":"","meta":{"_acf_changed":false,"footnotes":""},"class_list":["post-3098","page","type-page","status-publish","hentry"],"acf":[],"_links":{"self":[{"href":"https:\/\/www.essenz.vision\/index.php\/wp-json\/wp\/v2\/pages\/3098","targetHints":{"allow":["GET"]}}],"collection":[{"href":"https:\/\/www.essenz.vision\/index.php\/wp-json\/wp\/v2\/pages"}],"about":[{"href":"https:\/\/www.essenz.vision\/index.php\/wp-json\/wp\/v2\/types\/page"}],"author":[{"embeddable":true,"href":"https:\/\/www.essenz.vision\/index.php\/wp-json\/wp\/v2\/users\/1"}],"replies":[{"embeddable":true,"href":"https:\/\/www.essenz.vision\/index.php\/wp-json\/wp\/v2\/comments?post=3098"}],"version-history":[{"count":1,"href":"https:\/\/www.essenz.vision\/index.php\/wp-json\/wp\/v2\/pages\/3098\/revisions"}],"predecessor-version":[{"id":3099,"href":"https:\/\/www.essenz.vision\/index.php\/wp-json\/wp\/v2\/pages\/3098\/revisions\/3099"}],"wp:attachment":[{"href":"https:\/\/www.essenz.vision\/index.php\/wp-json\/wp\/v2\/media?parent=3098"}],"curies":[{"name":"wp","href":"https:\/\/api.w.org\/{rel}","templated":true}]}}