{"id":3,"date":"2024-11-30T14:15:38","date_gmt":"2024-11-30T13:15:38","guid":{"rendered":"http:\/\/www.essenz.vision\/?page_id=3"},"modified":"2025-07-12T16:37:25","modified_gmt":"2025-07-12T14:37:25","slug":"datenschutz","status":"publish","type":"page","link":"https:\/\/www.essenz.vision\/index.php\/datenschutz\/","title":{"rendered":"Datenschutz"},"content":{"rendered":"<div class=\"fusion-fullwidth fullwidth-box fusion-builder-row-1 fusion-flex-container nonhundred-percent-fullwidth non-hundred-percent-height-scrolling\" style=\"--awb-border-radius-top-left:0px;--awb-border-radius-top-right:0px;--awb-border-radius-bottom-right:0px;--awb-border-radius-bottom-left:0px;--awb-flex-wrap:wrap;\" ><div class=\"fusion-builder-row fusion-row fusion-flex-align-items-flex-start fusion-flex-content-wrap\" style=\"max-width:1185.6px;margin-left: calc(-4% \/ 2 );margin-right: calc(-4% \/ 2 );\"><div class=\"fusion-layout-column fusion_builder_column fusion-builder-column-0 fusion_builder_column_1_1 1_1 fusion-flex-column\" style=\"--awb-bg-size:cover;--awb-width-large:100%;--awb-margin-top-large:0px;--awb-spacing-right-large:1.92%;--awb-margin-bottom-large:0px;--awb-spacing-left-large:1.92%;--awb-width-medium:100%;--awb-spacing-right-medium:1.92%;--awb-spacing-left-medium:1.92%;--awb-width-small:100%;--awb-spacing-right-small:1.92%;--awb-spacing-left-small:1.92%;\"><div class=\"fusion-column-wrapper fusion-flex-justify-content-flex-start fusion-content-layout-column\"><div class=\"fusion-text fusion-text-1\"><h2>Datenschutz<\/h2>\n<p>Der Schutz deiner pers\u00f6nlichen Daten ist mir ein wichtiges Anliegen. Ich behandle deine Daten vertraulich und entsprechend der gesetzlichen Datenschutzvorschriften sowie dieser Datenschutzerkl\u00e4rung.<\/p>\n<p><strong>Allgemeine Hinweise<\/strong><br \/>\nBeim Besuch dieser Website werden keine personenbezogenen Daten automatisch erfasst, au\u00dfer es erfolgt eine freiwillige Kontaktaufnahme durch dich (z.\u202fB. per E-Mail oder Kontaktformular). In diesem Fall nutzen ich deine Angaben ausschlie\u00dflich zur Bearbeitung deiner Anfrage.<\/p>\n<p><strong>Server-Logfiles<\/strong><br \/>\nDer Provider dieser Seite erhebt und speichert automatisch Informationen in sogenannten Server-Logfiles, die dein Browser automatisch \u00fcbermittelt. Diese beinhalten:<\/p>\n<ul>\n<li>Browsertyp und Browserversion<\/li>\n<li>Betriebssystem<\/li>\n<li>Referrer URL<\/li>\n<li>Uhrzeit der Serveranfrage<\/li>\n<li>Diese Daten sind nicht bestimmten Personen zuordenbar und werden nicht mit anderen Datenquellen zusammengef\u00fchrt.<\/li>\n<\/ul>\n<p><strong>Kontaktaufnahme<\/strong><br \/>\nWenn du mich per E-Mail oder Formular kontaktierst, werden deine Angaben zur Bearbeitung gespeichert. Diese Daten geben ich nicht weiter.<\/p>\n<p><strong>Eingebettete Inhalte von Drittanbietern<\/strong><br \/>\nAuf einigen Seiten binden ich Videos von YouTube ein. Erst wenn du aktiv auf ein Video klickst, wird eine Verbindung zu YouTube hergestellt. Vorher erfolgt keine Daten\u00fcbertragung. Weitere Informationen findest du in der Datenschutzerkl\u00e4rung von Google.<\/p>\n<p><strong>Schriften &amp; technische Dienste<\/strong><br \/>\nDiese Website verwendet ausschlie\u00dflich lokal eingebundene Schriften. Es erfolgt kein Datenaustausch mit Google Fonts oder \u00e4hnlichen Diensten.<\/p>\n<p><strong>Deine Rechte<\/strong><br \/>\nDu hast jederzeit das Recht auf Auskunft, Berichtigung, L\u00f6schung oder Einschr\u00e4nkung der Verarbeitung deiner Daten. Bei Fragen melde dich einfach \u00fcber die im Impressum genannte Kontaktadresse.<\/p>\n<p>Stand: Juli 2025<\/p>\n<\/div><\/div><\/div><\/div><\/div>\n","protected":false},"excerpt":{"rendered":"","protected":false},"author":1,"featured_media":0,"parent":0,"menu_order":0,"comment_status":"closed","ping_status":"closed","template":"","meta":{"_acf_changed":false,"footnotes":""},"class_list":["post-3","page","type-page","status-publish","hentry"],"acf":[],"_links":{"self":[{"href":"https:\/\/www.essenz.vision\/index.php\/wp-json\/wp\/v2\/pages\/3","targetHints":{"allow":["GET"]}}],"collection":[{"href":"https:\/\/www.essenz.vision\/index.php\/wp-json\/wp\/v2\/pages"}],"about":[{"href":"https:\/\/www.essenz.vision\/index.php\/wp-json\/wp\/v2\/types\/page"}],"author":[{"embeddable":true,"href":"https:\/\/www.essenz.vision\/index.php\/wp-json\/wp\/v2\/users\/1"}],"replies":[{"embeddable":true,"href":"https:\/\/www.essenz.vision\/index.php\/wp-json\/wp\/v2\/comments?post=3"}],"version-history":[{"count":4,"href":"https:\/\/www.essenz.vision\/index.php\/wp-json\/wp\/v2\/pages\/3\/revisions"}],"predecessor-version":[{"id":3013,"href":"https:\/\/www.essenz.vision\/index.php\/wp-json\/wp\/v2\/pages\/3\/revisions\/3013"}],"wp:attachment":[{"href":"https:\/\/www.essenz.vision\/index.php\/wp-json\/wp\/v2\/media?parent=3"}],"curies":[{"name":"wp","href":"https:\/\/api.w.org\/{rel}","templated":true}]}}